{"id":395,"date":"2023-02-02T20:27:31","date_gmt":"2023-02-02T20:27:31","guid":{"rendered":"https:\/\/vadebyte.com\/?page_id=395"},"modified":"2023-02-28T19:09:28","modified_gmt":"2023-02-28T22:09:28","slug":"15c42-web-agency-gb-home-2","status":"publish","type":"page","link":"https:\/\/vadebyte.com\/","title":{"rendered":"Home #2"},"content":{"rendered":"\n<div class=\"wp-block-cover alignfull\" style=\"min-height:583px;aspect-ratio:unset;\"><span aria-hidden=\"true\" class=\"wp-block-cover__background has-nv-light-bg-background-color has-background-dim-70 has-background-dim\"><\/span><div class=\"wp-block-cover__inner-container is-layout-flow wp-block-cover-is-layout-flow\">\n<p class=\"has-text-align-center has-text-color\" style=\"color:#121212;font-size:16px\">Aprendemos e ensinamos<\/p>\n\n\n\n<h1 class=\"has-text-align-center has-text-color wp-block-heading\" style=\"color:#121212;font-size:4.5em;text-transform:none\">DO SIMPLES AO COMPLEXO<\/h1>\n\n\n\n<p class=\"has-text-align-center has-text-color\" style=\"color:#121212;font-size:30px\">algo novo todo dia<\/p>\n\n\n\n<div class=\"wp-block-buttons is-horizontal is-content-justification-center is-layout-flex wp-container-core-buttons-is-layout-499968f5 wp-block-buttons-is-layout-flex\">\n<div class=\"wp-block-button is-style-primary\"><a class=\"wp-block-button__link wp-element-button\" href=\"https:\/\/vadebyte.com\/index.php\/15c42-web-agency-gb-about-us-2\/\">SAIBA MAIS<\/a><\/div>\n\n\n\n<div class=\"wp-block-button is-style-secondary\"><a class=\"wp-block-button__link wp-element-button\" href=\"https:\/\/vadebyte.com\/index.php\/15c42-web-agency-gb-contact-us-2\/\">CONTRATAR<\/a><\/div>\n<\/div>\n<\/div><\/div>\n\n\n\n<div style=\"height:80px\" aria-hidden=\"true\" class=\"wp-block-spacer\"><\/div>\n\n\n\n<div style=\"height:80px\" aria-hidden=\"true\" class=\"wp-block-spacer\"><\/div>\n\n\n\n<div class=\"wp-block-columns is-layout-flex wp-container-core-columns-is-layout-9d6595d7 wp-block-columns-is-layout-flex\">\n<div class=\"wp-block-column is-layout-flow wp-block-column-is-layout-flow\"><div class=\"wp-block-image icon-style is-style-rounded\">\n<figure class=\"aligncenter size-large\"><img decoding=\"async\" width=\"72\" height=\"72\" src=\"http:\/\/vadebyte.com\/wp-content\/uploads\/2020\/01\/neve-webdesign-GB-03.png\" alt=\"\" class=\"wp-image-20\" title=\"\"\/><\/figure>\n<\/div>\n\n\n<h3 class=\"has-text-align-center has-neve-text-color-color has-text-color wp-block-heading\">Projetos de software sob medida<\/h3>\n\n\n\n<p class=\"has-text-align-center\">Solu\u00e7\u00f5es personalizadas para seu neg\u00f3cio. M\u00e9todos \u00e1geis, tecnologias modernas e aderentes \u00e0 sua necessidade.<\/p>\n\n\n\n<div style=\"height:20px\" aria-hidden=\"true\" class=\"wp-block-spacer\"><\/div>\n<\/div>\n\n\n\n<div class=\"wp-block-column is-layout-flow wp-block-column-is-layout-flow\"><div class=\"wp-block-image icon-style is-style-rounded\">\n<figure class=\"aligncenter size-large\"><img decoding=\"async\" width=\"72\" height=\"72\" src=\"http:\/\/vadebyte.com\/wp-content\/uploads\/2020\/01\/neve-webdesign-GB-04.png\" alt=\"\" class=\"wp-image-21\"\/><\/figure>\n<\/div>\n\n\n<h3 class=\"has-text-align-center has-neve-text-color-color has-text-color wp-block-heading\">Sistemas complexos de miss\u00e3o cr\u00edtica<\/h3>\n\n\n\n<p class=\"has-text-align-center\">Nossa paix\u00e3o e transformar complexidade em simplicidade. Somos especialistas em integrar aplica\u00e7\u00f5es, ambientes e neg\u00f3cios.<\/p>\n\n\n\n<div style=\"height:20px\" aria-hidden=\"true\" class=\"wp-block-spacer\"><\/div>\n<\/div>\n\n\n\n<div class=\"wp-block-column is-layout-flow wp-block-column-is-layout-flow\"><div class=\"wp-block-image icon-style is-style-rounded\">\n<figure class=\"aligncenter size-large\"><img decoding=\"async\" width=\"72\" height=\"72\" src=\"http:\/\/vadebyte.com\/wp-content\/uploads\/2020\/01\/neve-webdesign-GB-01.png\" alt=\"\" class=\"wp-image-18\"\/><\/figure>\n<\/div>\n\n\n<h3 class=\"has-text-align-center has-neve-text-color-color has-text-color wp-block-heading\">Sustenta\u00e7\u00e3o e evolu\u00e7\u00e3o<\/h3>\n\n\n\n<p class=\"has-text-align-center\">Conte conosco para apoiar na manuten\u00e7\u00e3o, cuidados e continuidade no desenvolvimento dos seus projetos de software.<\/p>\n\n\n\n<div style=\"height:20px\" aria-hidden=\"true\" class=\"wp-block-spacer\"><\/div>\n<\/div>\n<\/div>\n\n\n\n<div style=\"height:80px\" aria-hidden=\"true\" class=\"wp-block-spacer\"><\/div>\n\n\n\n<div class=\"wp-block-cover alignfull\" style=\"min-height:300px;aspect-ratio:unset;\"><span aria-hidden=\"true\" class=\"wp-block-cover__background has-nv-dark-bg-background-color has-background-dim-100 has-background-dim\"><\/span><div class=\"wp-block-cover__inner-container is-layout-flow wp-block-cover-is-layout-flow\">\n<div style=\"height:140px\" aria-hidden=\"true\" class=\"wp-block-spacer\"><\/div>\n\n\n\n<h2 class=\"has-text-align-center has-nv-text-dark-bg-color has-text-color wp-block-heading\" style=\"font-size:4em;font-style:normal;font-weight:500\">Vamos trabalhar juntos em seu pr\u00f3ximo projeto?<\/h2>\n\n\n\n<p class=\"has-text-align-center\">Analisamos a fundo seu cen\u00e1rio de neg\u00f3cio e indicamos a melhor solu\u00e7\u00e3o. <br>An\u00e1lise profissional, design de experi\u00eancia, uso de metodologias \u00e1geis e <br>tecnologias modernas de desenvolvimento.<\/p>\n\n\n\n<div class=\"wp-block-buttons is-horizontal is-content-justification-center is-layout-flex wp-container-core-buttons-is-layout-499968f5 wp-block-buttons-is-layout-flex\">\n<div class=\"wp-block-button is-style-primary\"><a class=\"wp-block-button__link wp-element-button\" href=\"https:\/\/vadebyte.com\/index.php\/15c42-web-agency-gb-about-us-2\/\">SAIBA MAIS<\/a><\/div>\n<\/div>\n\n\n\n<div style=\"height:140px\" aria-hidden=\"true\" class=\"wp-block-spacer\"><\/div>\n<\/div><\/div>\n","protected":false},"excerpt":{"rendered":"<p>Projetos de software sob medida Solu\u00e7\u00f5es personalizadas para seu neg\u00f3cio. M\u00e9todos \u00e1geis, tecnologias modernas e aderentes \u00e0 sua necessidade. Sistemas complexos de miss\u00e3o cr\u00edtica Nossa paix\u00e3o e transformar complexidade em simplicidade. Somos especialistas em integrar aplica\u00e7\u00f5es, ambientes e neg\u00f3cios. Sustenta\u00e7\u00e3o e evolu\u00e7\u00e3o Conte conosco para apoiar na manuten\u00e7\u00e3o, cuidados e continuidade no desenvolvimento dos seus&hellip;&nbsp;<a href=\"https:\/\/vadebyte.com\/\" rel=\"bookmark\">Read More &raquo;<span class=\"screen-reader-text\">Home #2<\/span><\/a><\/p>\n","protected":false},"author":1,"featured_media":0,"parent":0,"menu_order":0,"comment_status":"closed","ping_status":"closed","template":"","meta":{"neve_meta_sidebar":"","neve_meta_container":"","neve_meta_enable_content_width":"","neve_meta_content_width":0,"neve_meta_title_alignment":"","neve_meta_author_avatar":"","neve_post_elements_order":"","neve_meta_disable_header":"","neve_meta_disable_footer":"","neve_meta_disable_title":"","_themeisle_gutenberg_block_has_review":false,"footnotes":""},"class_list":["post-395","page","type-page","status-publish","hentry"],"_links":{"self":[{"href":"https:\/\/vadebyte.com\/index.php\/wp-json\/wp\/v2\/pages\/395","targetHints":{"allow":["GET"]}}],"collection":[{"href":"https:\/\/vadebyte.com\/index.php\/wp-json\/wp\/v2\/pages"}],"about":[{"href":"https:\/\/vadebyte.com\/index.php\/wp-json\/wp\/v2\/types\/page"}],"author":[{"embeddable":true,"href":"https:\/\/vadebyte.com\/index.php\/wp-json\/wp\/v2\/users\/1"}],"replies":[{"embeddable":true,"href":"https:\/\/vadebyte.com\/index.php\/wp-json\/wp\/v2\/comments?post=395"}],"version-history":[{"count":0,"href":"https:\/\/vadebyte.com\/index.php\/wp-json\/wp\/v2\/pages\/395\/revisions"}],"wp:attachment":[{"href":"https:\/\/vadebyte.com\/index.php\/wp-json\/wp\/v2\/media?parent=395"}],"curies":[{"name":"wp","href":"https:\/\/api.w.org\/{rel}","templated":true}]}}